{"id":247,"date":"2025-05-12T00:52:06","date_gmt":"2025-05-12T00:52:06","guid":{"rendered":"https:\/\/sicyt.uncaus.edu.ar\/uvt\/?page_id=247"},"modified":"2025-09-10T12:16:19","modified_gmt":"2025-09-10T12:16:19","slug":"unidades-ejecutoras","status":"publish","type":"page","link":"https:\/\/sicyt.uncaus.edu.ar\/uvt\/index.php\/unidades-ejecutoras\/","title":{"rendered":"UNIDADES EJECUTORAS"},"content":{"rendered":"\n<p>Las actividades de vinculaci\u00f3n tecnol\u00f3gica y los servicios de transferencia tecnol\u00f3gica son realizadas a trav\u00e9s de Unidades Ejecutoras (UE) reconocidas y registradas por la UVT-UNCAUS.<\/p>\n\n\n\n\n","protected":false},"excerpt":{"rendered":"<p>Las actividades de vinculaci\u00f3n tecnol\u00f3gica y los servicios de transferencia tecnol\u00f3gica son realizadas a trav\u00e9s de Unidades Ejecutoras (UE) reconocidas y registradas por la UVT-UNCAUS.<\/p>\n","protected":false},"author":2,"featured_media":0,"parent":0,"menu_order":0,"comment_status":"closed","ping_status":"closed","template":"","meta":{"saved_in_kubio":true,"footnotes":""},"class_list":["post-247","page","type-page","status-publish","hentry"],"kubio_ai_page_context":{"short_desc":"","purpose":"general"},"_links":{"self":[{"href":"https:\/\/sicyt.uncaus.edu.ar\/uvt\/index.php\/wp-json\/wp\/v2\/pages\/247","targetHints":{"allow":["GET"]}}],"collection":[{"href":"https:\/\/sicyt.uncaus.edu.ar\/uvt\/index.php\/wp-json\/wp\/v2\/pages"}],"about":[{"href":"https:\/\/sicyt.uncaus.edu.ar\/uvt\/index.php\/wp-json\/wp\/v2\/types\/page"}],"author":[{"embeddable":true,"href":"https:\/\/sicyt.uncaus.edu.ar\/uvt\/index.php\/wp-json\/wp\/v2\/users\/2"}],"replies":[{"embeddable":true,"href":"https:\/\/sicyt.uncaus.edu.ar\/uvt\/index.php\/wp-json\/wp\/v2\/comments?post=247"}],"version-history":[{"count":7,"href":"https:\/\/sicyt.uncaus.edu.ar\/uvt\/index.php\/wp-json\/wp\/v2\/pages\/247\/revisions"}],"predecessor-version":[{"id":333,"href":"https:\/\/sicyt.uncaus.edu.ar\/uvt\/index.php\/wp-json\/wp\/v2\/pages\/247\/revisions\/333"}],"wp:attachment":[{"href":"https:\/\/sicyt.uncaus.edu.ar\/uvt\/index.php\/wp-json\/wp\/v2\/media?parent=247"}],"curies":[{"name":"wp","href":"https:\/\/api.w.org\/{rel}","templated":true}]}}